{"id":23,"date":"2025-03-20T10:52:33","date_gmt":"2025-03-20T09:52:33","guid":{"rendered":"http:\/\/adriaticro.com\/?page_id=23"},"modified":"2025-03-20T10:53:18","modified_gmt":"2025-03-20T09:53:18","slug":"about-adriaticro","status":"publish","type":"page","link":"http:\/\/adriaticro.com\/sq\/about-adriaticro\/","title":{"rendered":"Rreth Adriaticro"},"content":{"rendered":"<h1 class=\"wp-block-heading\"><strong>T\u00eb udh\u00ebhequr nga Shkenca, t\u00eb frym\u00ebzuar nga Pacient\u00ebt<\/strong><\/h1>\n\n\n\n<p class=\"translation-block\">N\u00eb Adriaticro, ne nuk kryejm\u00eb thjesht hulumtime klinike\u2014ne <strong>form\u00ebsojm\u00eb t\u00eb ardhmen e sh\u00ebndet\u00ebsis\u00eb<\/strong>. Puna jon\u00eb \u00ebsht\u00eb e udh\u00ebhequr nga besimi se \u00e7do avancim fillon me shkenc\u00eb rigoroze, p\u00ebrgjegj\u00ebsi etike dhe nj\u00eb angazhim t\u00eb pal\u00ebkundur p\u00ebr mir\u00ebqenien e pacient\u00ebve.<\/p>\n\n\n\n<p class=\"translation-block\">Si nj\u00eb <strong>organizat\u00eb hulumtimi klinik (CRO) e bazuar n\u00eb Shqip\u00ebri me nj\u00eb shtrirje evropiane<\/strong>, ne bashkojm\u00eb <strong>ekspertiz\u00ebn lokale dhe p\u00ebrvoj\u00ebn nd\u00ebrkomb\u00ebtare<\/strong> p\u00ebr t\u00eb ofruar zgjidhje inovative dhe t\u00eb p\u00ebrshtatura p\u00ebr kompanit\u00eb farmaceutike, bioteknologjike dhe t\u00eb pajisjeve mjek\u00ebsore. Pavar\u00ebsisht n\u00ebse mb\u00ebshtesim <strong>provave klinike t\u00eb faz\u00ebs s\u00eb hershme apo studime klinike t\u00eb shkall\u00ebs s\u00eb gjer\u00eb<\/strong>, ne orientohemi n\u00eb peizazhe k\u00ebrkimore komplekse me <strong>sakt\u00ebsi, efikasitet dhe integritet<\/strong>.<\/p>\n\n\n\n<h2 class=\"wp-block-heading\"><strong>Historiku yn\u00eb<\/strong><\/h2>\n\n\n\n<p class=\"translation-block\">Adriaticro u themelua me nj\u00eb vizion t\u00eb qart\u00eb: p\u00ebr t\u00eb <strong>ngritur hulumtimin klinik n\u00eb rajon<\/strong> duke mbajtur standardet m\u00eb t\u00eb larta nd\u00ebrkomb\u00ebtare. Duke njohur <strong>nevoj\u00ebn n\u00eb rritje p\u00ebr mb\u00ebshtetje t\u00eb kualitetit t\u00eb lart\u00eb n\u00eb provat klinike<\/strong>, ne mblodh\u00ebm nj\u00eb ekip t\u00eb <strong>profesionist\u00ebve me p\u00ebrvoj\u00eb, specialist\u00ebve rregullator\u00eb dhe ekspert\u00ebve t\u00eb hulumtimit<\/strong> p\u00ebr t\u2019i ndihmuar klient\u00ebt tan\u00eb t\u00eb sjellin terapi q\u00eb ndryshojn\u00eb jet\u00ebn p\u00ebr pacient\u00ebt.<\/p>\n\n\n\n<p class=\"translation-block\">Udh\u00ebtimi yn\u00eb \u00ebsht\u00eb nd\u00ebrtuar mbi <strong>bashk\u00ebpunime t\u00eb forta me institucionet sh\u00ebndet\u00ebsore, lider\u00ebt kryesor\u00eb t\u00eb mendimit dhe organet rregullatore<\/strong>, duke na lejuar t\u00eb ofrojm\u00eb nj\u00eb qasje <strong>t\u00eb rregulluar dhe efikase<\/strong> p\u00ebr ekzekutimin e provave klinike.<\/p>\n\n\n\n<h2 class=\"wp-block-heading\"><strong>\u00c7far\u00eb na diferencon ne nga t\u00eb tjer\u00ebt?<\/strong><\/h2>\n\n\n\n<p class=\"translation-block\">\ud83d\udd39 <strong>Ekspertiz\u00eb Rajonale me Standarde Nd\u00ebrkomb\u00ebtare<\/strong> \u2013 Ne e kuptojm\u00eb peizazhin e ve\u00e7ant\u00eb rregullator dhe operativ t\u00eb provave klinike n\u00eb Shqip\u00ebri dhe n\u00eb tregun m\u00eb t\u00eb gjer\u00eb evropian.<\/p>\n\n\n\n<p class=\"translation-block\">\ud83d\udd39 <strong>Qasje Fleksib\u00ebl &amp; Adaptuese<\/strong> \u2013 Asnj\u00eb studim nuk \u00ebsht\u00eb i nj\u00ebjt\u00eb. Ne i p\u00ebrshtatim strategjit\u00eb tona p\u00ebr t\u00eb p\u00ebrmbushur nevojat specifike t\u00eb \u00e7do projekti, duke siguruar <strong>efikasitet pa kompromentuar cil\u00ebsin\u00eb<\/strong>.<\/p>\n\n\n\n<p class=\"translation-block\">\ud83d\udd39 <strong>Etika &amp; P\u00ebrputhshm\u00ebria n\u00eb Qend\u00ebr<\/strong> \u2013 Ne i p\u00ebrmbahemi rrept\u00ebsisht <strong>Praktikave t\u00eb Mir\u00eb Klinike (GCP)<\/strong> dhe <strong>udh\u00ebzimeve ICH<\/strong>, duke siguruar nivelin m\u00eb t\u00eb lart\u00eb t\u00eb integritetit n\u00eb hulumtim.<\/p>\n\n\n\n<p class=\"translation-block\">\ud83d\udd39 <strong>Hulumtim i P\u00ebrqendruar te Pacienti<\/strong> \u2013 Pas \u00e7do studimi q\u00ebndron nj\u00eb pacient q\u00eb pret nj\u00eb zgjidhje. Qasja jon\u00eb i jep p\u00ebrpar\u00ebsi <strong>siguris\u00eb, angazhimit dhe aksesueshm\u00ebris\u00eb s\u00eb pacient\u00ebve<\/strong>, duke ndihmuar sponsorizuesit t\u00eb arrijn\u00eb rezultate kuptimplot\u00eb.<\/p>\n\n\n\n<h2 class=\"wp-block-heading\"><strong>Vizioni yn\u00eb p\u00ebr t\u00eb ardhmen<\/strong><\/h2>\n\n\n\n<p class=\"translation-block\">Ne e parashikojm\u00eb nj\u00eb t\u00eb ardhme ku hulumtimi klinik \u00ebsht\u00eb <strong>m\u00eb i aksesuesh\u00ebm, efikas dhe me ndikim<\/strong>\u2014nj\u00eb t\u00eb ardhme ku terapit\u00eb e reja arrijn\u00eb tek pacient\u00ebt m\u00eb shpejt pa kompromentuar sigurin\u00eb apo rigorozitetin shkencor. Adriaticro \u00ebsht\u00eb e p\u00ebrkushtuar t\u00eb jet\u00eb n\u00eb krye t\u00eb k\u00ebsaj evolucioni, duke inkurajuar <strong>innovacionin bashk\u00ebpunues dhe p\u00ebrmir\u00ebsimin e vazhduesh\u00ebm<\/strong> n\u00eb procesin e zhvillimit klinik.<\/p>\n\n\n\n<p class=\"translation-block\">Pavar\u00ebsisht n\u00ebse jeni nj\u00eb <strong>startup bioteknologjik, gjigand farmaceutik, apo inovator n\u00eb sh\u00ebndet\u00ebsi<\/strong>, ne jemi k\u00ebtu p\u00ebr t\u00eb mb\u00ebshtetur udh\u00ebtimin tuaj hulumtues\u2014sepse \u00e7do avancim fillon me partneritetin e duhur.<\/p>","protected":false},"excerpt":{"rendered":"<p>Driven by Science, Inspired by Patients At Adriaticro, we don\u2019t just conduct clinical research\u2014we&nbsp;shape the future of healthcare. Our work is driven by the belief that every breakthrough starts with rigorous science, ethical responsibility, and an unwavering commitment to patient well-being. As an&nbsp;Albanian-based clinical research organization (CRO) with a European reach, we bring together&nbsp;local expertise [&hellip;]<\/p>","protected":false},"author":1,"featured_media":25,"parent":0,"menu_order":0,"comment_status":"closed","ping_status":"closed","template":"","meta":{"_swt_meta_header_display":false,"_swt_meta_footer_display":false,"_swt_meta_site_title_display":false,"_swt_meta_sticky_header":false,"_swt_meta_transparent_header":false,"footnotes":""},"class_list":["post-23","page","type-page","status-publish","has-post-thumbnail","hentry"],"_links":{"self":[{"href":"http:\/\/adriaticro.com\/sq\/wp-json\/wp\/v2\/pages\/23","targetHints":{"allow":["GET"]}}],"collection":[{"href":"http:\/\/adriaticro.com\/sq\/wp-json\/wp\/v2\/pages"}],"about":[{"href":"http:\/\/adriaticro.com\/sq\/wp-json\/wp\/v2\/types\/page"}],"author":[{"embeddable":true,"href":"http:\/\/adriaticro.com\/sq\/wp-json\/wp\/v2\/users\/1"}],"replies":[{"embeddable":true,"href":"http:\/\/adriaticro.com\/sq\/wp-json\/wp\/v2\/comments?post=23"}],"version-history":[{"count":1,"href":"http:\/\/adriaticro.com\/sq\/wp-json\/wp\/v2\/pages\/23\/revisions"}],"predecessor-version":[{"id":24,"href":"http:\/\/adriaticro.com\/sq\/wp-json\/wp\/v2\/pages\/23\/revisions\/24"}],"wp:featuredmedia":[{"embeddable":true,"href":"http:\/\/adriaticro.com\/sq\/wp-json\/wp\/v2\/media\/25"}],"wp:attachment":[{"href":"http:\/\/adriaticro.com\/sq\/wp-json\/wp\/v2\/media?parent=23"}],"curies":[{"name":"wp","href":"https:\/\/api.w.org\/{rel}","templated":true}]}}