{"id":48,"date":"2025-03-20T11:10:01","date_gmt":"2025-03-20T10:10:01","guid":{"rendered":"http:\/\/adriaticro.com\/?page_id=48"},"modified":"2025-03-20T15:32:42","modified_gmt":"2025-03-20T14:32:42","slug":"contact","status":"publish","type":"page","link":"https:\/\/adriaticro.com\/sq\/contact\/","title":{"rendered":"Kontakt"},"content":{"rendered":"<h2 class=\"wp-block-heading\"><strong>Na Kontaktoni<\/strong><\/h2>\n\n\n\n<p>Ne do t\u00eb donim t\u00eb d\u00ebgjonim nga ju! Pavar\u00ebsisht n\u00ebse keni pyetje, keni nevoj\u00eb p\u00ebr m\u00eb shum\u00eb informacion, ose doni t\u00eb diskutoni se si Adriaticro mund t\u00eb mb\u00ebshtes\u00eb nevojat tuaja p\u00ebr hulumtim klinik, ne jemi k\u00ebtu p\u00ebr t\u2019ju ndihmuar. Ekipi yn\u00eb \u00ebsht\u00eb i gatsh\u00ebm t\u00eb ofroj\u00eb zgjidhjet q\u00eb ju nevojiten p\u00ebr t\u00eb sjell\u00eb terapit\u00eb inovative n\u00eb treg.<\/p>\n\n\n\n<div class=\"wp-block-columns is-layout-flex wp-container-core-columns-is-layout-28f84493 wp-block-columns-is-layout-flex\">\n<div class=\"wp-block-column is-layout-flow wp-block-column-is-layout-flow\">\n<h3 class=\"wp-block-heading\"><strong>Oraret<\/strong><\/h3>\n\n\n\n<p><strong>E h\u00ebn\u00eb \u2013 E premte:<\/strong>&nbsp;<\/p>\n\n\n\n<p>9:00 AM \u2013 6:00 PM (CET)<\/p>\n\n\n\n<p><strong>E shtun\u00eb \u2013 E diel:<\/strong>&nbsp;<\/p>\n\n\n\n<p>Mbyllur<\/p>\n<\/div>\n\n\n\n<div class=\"wp-block-column is-layout-flow wp-block-column-is-layout-flow\">\n<h3 class=\"wp-block-heading\"><strong>Kontaktet tona<\/strong><\/h3>\n\n\n\n<p><strong>Adresa<\/strong>&nbsp;Tirana, Albania<\/p>\n\n\n\n<p><strong>Email:<\/strong>&nbsp;<a>info@adriaticro.al<\/a><\/p>\n\n\n\n<p><strong>Nr Cel<\/strong>&nbsp;+355&nbsp;68&nbsp;372&nbsp;8420<\/p>\n<\/div>\n<\/div>\n\n\n\n<h2 class=\"wp-block-heading\"><strong>Na d\u00ebrgoni nj\u00eb mesazh<\/strong><\/h2>\n\n\n\n<p>N\u00ebse keni ndonj\u00eb pyetje ose d\u00ebshironi t\u00eb m\u00ebsoni m\u00eb shum\u00eb rreth sh\u00ebrbimeve tona, ju lutemi plot\u00ebsoni formularin m\u00eb posht\u00eb. Nj\u00eb nga an\u00ebtar\u00ebt e ekipit ton\u00eb do t'ju p\u00ebrgjigjet sa m\u00eb shpejt t\u00eb jet\u00eb e mundur.<\/p>\n\n\n<div class=\"wpforms-container wpforms-container-full wpforms-block wpforms-block-bb9c52e6-5f01-4493-84af-4ea80d677e0f wpforms-render-modern\" id=\"wpforms-52\"><form id=\"wpforms-form-52\" class=\"wpforms-validate wpforms-form wpforms-ajax-form\" data-formid=\"52\" method=\"post\" enctype=\"multipart\/form-data\" action=\"\/sq\/wp-json\/wp\/v2\/pages\/48\" data-token=\"4dd603f4ae2e8ec871952111a39a2d62\" data-token-time=\"1776481899\" data-trp-original-action=\"\/sq\/wp-json\/wp\/v2\/pages\/48\"><noscript class=\"wpforms-error-noscript\">Please enable JavaScript in your browser to complete this form.<\/noscript><div class=\"wpforms-hidden\" id=\"wpforms-error-noscript\">Please enable JavaScript in your browser to complete this form.<\/div><div class=\"wpforms-field-container\"><div id=\"wpforms-52-field_1-container\" class=\"wpforms-field wpforms-field-name\" data-field-id=\"1\"><fieldset><legend class=\"wpforms-field-label\">Emri <span class=\"wpforms-required-label\" aria-hidden=\"true\">*<\/span><\/legend><div class=\"wpforms-field-row wpforms-field-medium\"><div class=\"wpforms-field-row-block wpforms-first wpforms-one-half\"><input type=\"text\" id=\"wpforms-52-field_1\" class=\"wpforms-field-name-first wpforms-field-required\" name=\"wpforms[fields][1][first]\" aria-errormessage=\"wpforms-52-field_1-error\" required><label for=\"wpforms-52-field_1\" class=\"wpforms-field-sublabel after\">First<\/label><\/div><div class=\"wpforms-field-row-block wpforms-one-half\"><input type=\"text\" id=\"wpforms-52-field_1-last\" class=\"wpforms-field-name-last wpforms-field-required\" name=\"wpforms[fields][1][last]\" aria-errormessage=\"wpforms-52-field_1-last-error\" required><label for=\"wpforms-52-field_1-last\" class=\"wpforms-field-sublabel after\">Last<\/label><\/div><\/div><\/fieldset><\/div><div id=\"wpforms-52-field_2-container\" class=\"wpforms-field wpforms-field-email\" data-field-id=\"2\"><label class=\"wpforms-field-label\" for=\"wpforms-52-field_2\">E-Mail <span class=\"wpforms-required-label\" aria-hidden=\"true\">*<\/span><\/label><input type=\"email\" id=\"wpforms-52-field_2\" class=\"wpforms-field-medium wpforms-field-required\" name=\"wpforms[fields][2]\" spellcheck=\"false\" aria-errormessage=\"wpforms-52-field_2-error\" required><\/div><div id=\"wpforms-52-field_3-container\" class=\"wpforms-field wpforms-field-textarea\" data-field-id=\"3\"><label class=\"wpforms-field-label\" for=\"wpforms-52-field_3\">Mesazhi<\/label><textarea id=\"wpforms-52-field_3\" class=\"wpforms-field-medium\" name=\"wpforms[fields][3]\" aria-errormessage=\"wpforms-52-field_3-error\" ><\/textarea><\/div><\/div><!-- .wpforms-field-container --><div class=\"wpforms-submit-container\" ><input type=\"hidden\" name=\"wpforms[id]\" value=\"52\"><input type=\"hidden\" name=\"page_title\" value=\"\"><input type=\"hidden\" name=\"page_url\" value=\"https:\/\/adriaticro.com\/sq\/wp-json\/wp\/v2\/pages\/48\"><button type=\"submit\" name=\"wpforms[submit]\" id=\"wpforms-submit-52\" class=\"wpforms-submit\" data-alt-text=\"Sending\u00a0\u2026\" data-submit-text=\"Send\" aria-live=\"assertive\" value=\"wpforms-submit\">Send<\/button><img loading=\"lazy\" decoding=\"async\" src=\"https:\/\/adriaticro.com\/wp-content\/plugins\/wpforms\/assets\/images\/submit-spin.svg\" class=\"wpforms-submit-spinner\" style=\"display: none;\" width=\"26\" height=\"26\" alt=\"Loading\" title=\"\"><\/div><input type=\"hidden\" name=\"trp-form-language\" value=\"sq\"\/><\/form><\/div>  <!-- .wpforms-container -->\n\n\n<p><\/p>","protected":false},"excerpt":{"rendered":"<p>Get in Touch We would love to hear from you! Whether you have questions, need more information, or want to discuss how Adriaticro can support your clinical research needs, we are here to help. Our team is ready to provide the solutions you need to bring innovative therapies to market. Business Hours Monday \u2013 Friday:&nbsp; [&hellip;]<\/p>","protected":false},"author":1,"featured_media":0,"parent":0,"menu_order":0,"comment_status":"closed","ping_status":"closed","template":"","meta":{"_swt_meta_header_display":false,"_swt_meta_footer_display":false,"_swt_meta_site_title_display":false,"_swt_meta_sticky_header":false,"_swt_meta_transparent_header":false,"footnotes":""},"class_list":["post-48","page","type-page","status-publish","hentry"],"_links":{"self":[{"href":"https:\/\/adriaticro.com\/sq\/wp-json\/wp\/v2\/pages\/48","targetHints":{"allow":["GET"]}}],"collection":[{"href":"https:\/\/adriaticro.com\/sq\/wp-json\/wp\/v2\/pages"}],"about":[{"href":"https:\/\/adriaticro.com\/sq\/wp-json\/wp\/v2\/types\/page"}],"author":[{"embeddable":true,"href":"https:\/\/adriaticro.com\/sq\/wp-json\/wp\/v2\/users\/1"}],"replies":[{"embeddable":true,"href":"https:\/\/adriaticro.com\/sq\/wp-json\/wp\/v2\/comments?post=48"}],"version-history":[{"count":9,"href":"https:\/\/adriaticro.com\/sq\/wp-json\/wp\/v2\/pages\/48\/revisions"}],"predecessor-version":[{"id":118,"href":"https:\/\/adriaticro.com\/sq\/wp-json\/wp\/v2\/pages\/48\/revisions\/118"}],"wp:attachment":[{"href":"https:\/\/adriaticro.com\/sq\/wp-json\/wp\/v2\/media?parent=48"}],"curies":[{"name":"wp","href":"https:\/\/api.w.org\/{rel}","templated":true}]}}